{"id":10438,"date":"2025-06-02T09:17:19","date_gmt":"2025-06-02T12:17:19","guid":{"rendered":"https:\/\/www.superia.global\/governanca\/"},"modified":"2025-09-15T23:14:45","modified_gmt":"2025-09-16T02:14:45","slug":"governanca","status":"publish","type":"page","link":"https:\/\/www.superia.global\/es\/governanca\/","title":{"rendered":"Governan\u00e7a"},"content":{"rendered":"\t\t<div data-elementor-type=\"wp-page\" data-elementor-id=\"10438\" class=\"elementor elementor-10438 elementor-9305\" data-elementor-post-type=\"page\">\n\t\t\t\t<div class=\"elementor-element elementor-element-44ac90d e-flex e-con-boxed e-con e-parent\" data-id=\"44ac90d\" data-element_type=\"container\" data-e-type=\"container\" data-settings=\"{&quot;background_background&quot;:&quot;classic&quot;}\">\n\t\t\t\t\t<div class=\"e-con-inner\">\n\t\t\t\t<div class=\"elementor-element elementor-element-1aed27d elementor-icon-list--layout-inline superia-breadcrumb elementor-list-item-link-full_width elementor-widget elementor-widget-icon-list\" data-id=\"1aed27d\" data-element_type=\"widget\" data-e-type=\"widget\" data-widget_type=\"icon-list.default\">\n\t\t\t\t<div class=\"elementor-widget-container\">\n\t\t\t\t\t\t\t<ul class=\"elementor-icon-list-items elementor-inline-items\">\n\t\t\t\t\t\t\t<li class=\"elementor-icon-list-item elementor-inline-item\">\n\t\t\t\t\t\t\t\t\t\t<span class=\"elementor-icon-list-text\">Conhe\u00e7a<\/span>\n\t\t\t\t\t\t\t\t\t<\/li>\n\t\t\t\t\t\t\t\t<li class=\"elementor-icon-list-item elementor-inline-item\">\n\t\t\t\t\t\t\t\t\t\t<span class=\"elementor-icon-list-text\">Governan\u00e7a<\/span>\n\t\t\t\t\t\t\t\t\t<\/li>\n\t\t\t\t\t\t<\/ul>\n\t\t\t\t\t\t<\/div>\n\t\t\t\t<\/div>\n\t\t\t\t\t<\/div>\n\t\t\t\t<\/div>\n\t\t<div class=\"elementor-element elementor-element-498a273 e-con-full carreira-hero-mobile e-flex e-con e-parent\" data-id=\"498a273\" data-element_type=\"container\" data-e-type=\"container\" data-settings=\"{&quot;background_background&quot;:&quot;slideshow&quot;,&quot;background_slideshow_gallery&quot;:[],&quot;background_slideshow_loop&quot;:&quot;yes&quot;,&quot;background_slideshow_slide_duration&quot;:5000,&quot;background_slideshow_slide_transition&quot;:&quot;fade&quot;,&quot;background_slideshow_transition_duration&quot;:500}\">\n\t\t\t\t<div class=\"elementor-element elementor-element-b5e68c7 elementor-widget elementor-widget-image\" data-id=\"b5e68c7\" data-element_type=\"widget\" data-e-type=\"widget\" data-widget_type=\"image.default\">\n\t\t\t\t<div class=\"elementor-widget-container\">\n\t\t\t\t\t\t\t\t\t\t\t\t\t\t\t<img fetchpriority=\"high\" decoding=\"async\" width=\"1080\" height=\"1920\" src=\"https:\/\/www.superia.global\/wp-content\/uploads\/2025\/08\/banner_governanca_mobilie_Superia.png\" class=\"attachment-full size-full wp-image-10378\" alt=\"\" srcset=\"https:\/\/www.superia.global\/wp-content\/uploads\/2025\/08\/banner_governanca_mobilie_Superia.png 1080w, https:\/\/www.superia.global\/wp-content\/uploads\/2025\/08\/banner_governanca_mobilie_Superia-169x300.png 169w, https:\/\/www.superia.global\/wp-content\/uploads\/2025\/08\/banner_governanca_mobilie_Superia-576x1024.png 576w, https:\/\/www.superia.global\/wp-content\/uploads\/2025\/08\/banner_governanca_mobilie_Superia-768x1365.png 768w, https:\/\/www.superia.global\/wp-content\/uploads\/2025\/08\/banner_governanca_mobilie_Superia-864x1536.png 864w\" sizes=\"(max-width: 1080px) 100vw, 1080px\" \/>\t\t\t\t\t\t\t\t\t\t\t\t\t\t\t<\/div>\n\t\t\t\t<\/div>\n\t\t<div class=\"elementor-element elementor-element-d754b74 carreira-hero-info-mobile e-flex e-con-boxed e-con e-child\" data-id=\"d754b74\" data-element_type=\"container\" data-e-type=\"container\" data-settings=\"{&quot;position&quot;:&quot;absolute&quot;}\">\n\t\t\t\t\t<div class=\"e-con-inner\">\n\t\t\t\t<div class=\"elementor-element elementor-element-a5d771f elementor-widget elementor-widget-heading\" data-id=\"a5d771f\" data-element_type=\"widget\" data-e-type=\"widget\" data-widget_type=\"heading.default\">\n\t\t\t\t<div class=\"elementor-widget-container\">\n\t\t\t\t\t<h6 class=\"elementor-heading-title elementor-size-default\">GOVERNAN\u00c7A<\/h6>\t\t\t\t<\/div>\n\t\t\t\t<\/div>\n\t\t\t\t<div class=\"elementor-element elementor-element-b7377bc elementor-widget elementor-widget-text-editor\" data-id=\"b7377bc\" data-element_type=\"widget\" data-e-type=\"widget\" data-widget_type=\"text-editor.default\">\n\t\t\t\t<div class=\"elementor-widget-container\">\n\t\t\t\t\t\t\t\t\t<p>Transpar\u00eancia e solidez fazem parte do nosso neg\u00f3cio, para levar confian\u00e7a a voc\u00ea, cliente.\u200b<\/p>\t\t\t\t\t\t\t\t<\/div>\n\t\t\t\t<\/div>\n\t\t\t\t\t<\/div>\n\t\t\t\t<\/div>\n\t\t\t\t<\/div>\n\t\t<div class=\"elementor-element elementor-element-bccb1bb carreira-hero e-flex e-con-boxed e-con e-parent\" data-id=\"bccb1bb\" data-element_type=\"container\" data-e-type=\"container\" data-settings=\"{&quot;background_background&quot;:&quot;slideshow&quot;,&quot;background_slideshow_gallery&quot;:[{&quot;id&quot;:9371,&quot;url&quot;:&quot;https:\\\/\\\/www.superia.global\\\/wp-content\\\/uploads\\\/2025\\\/05\\\/6.png&quot;}],&quot;background_slideshow_loop&quot;:&quot;yes&quot;,&quot;background_slideshow_slide_duration&quot;:5000,&quot;background_slideshow_slide_transition&quot;:&quot;fade&quot;,&quot;background_slideshow_transition_duration&quot;:500}\">\n\t\t\t\t\t<div class=\"e-con-inner\">\n\t\t<div class=\"elementor-element elementor-element-b751d04 e-con-full e-flex e-con e-child\" data-id=\"b751d04\" data-element_type=\"container\" data-e-type=\"container\">\n\t\t\t\t<div class=\"elementor-element elementor-element-effabed elementor-widget elementor-widget-heading\" data-id=\"effabed\" data-element_type=\"widget\" data-e-type=\"widget\" data-widget_type=\"heading.default\">\n\t\t\t\t<div class=\"elementor-widget-container\">\n\t\t\t\t\t<h6 class=\"elementor-heading-title elementor-size-default\">GOBERNANZA<\/h6>\t\t\t\t<\/div>\n\t\t\t\t<\/div>\n\t\t\t\t<div class=\"elementor-element elementor-element-eb2e5b5 elementor-widget elementor-widget-heading\" data-id=\"eb2e5b5\" data-element_type=\"widget\" data-e-type=\"widget\" data-widget_type=\"heading.default\">\n\t\t\t\t<div class=\"elementor-widget-container\">\n\t\t\t\t\t<h2 class=\"elementor-heading-title elementor-size-default\"><b>Transparencia y solidez<\/b> forman parte de nuestro negocio, para brindarle <b>confianza<\/b> a usted, cliente.<\/h2>\t\t\t\t<\/div>\n\t\t\t\t<\/div>\n\t\t\t\t<\/div>\n\t\t\t\t\t<\/div>\n\t\t\t\t<\/div>\n\t\t<div class=\"elementor-element elementor-element-3c06789 e-flex e-con-boxed e-con e-parent\" data-id=\"3c06789\" data-element_type=\"container\" data-e-type=\"container\">\n\t\t\t\t\t<div class=\"e-con-inner\">\n\t\t<div class=\"elementor-element elementor-element-57708e1 e-flex e-con-boxed e-con e-child\" data-id=\"57708e1\" data-element_type=\"container\" data-e-type=\"container\">\n\t\t\t\t\t<div class=\"e-con-inner\">\n\t\t<div class=\"elementor-element elementor-element-3ed0372 e-con-full e-flex e-con e-child\" data-id=\"3ed0372\" data-element_type=\"container\" data-e-type=\"container\">\n\t\t\t\t<\/div>\n\t\t\t\t<div class=\"elementor-element elementor-element-2bfdc2b elementor-widget elementor-widget-heading\" data-id=\"2bfdc2b\" data-element_type=\"widget\" data-e-type=\"widget\" data-widget_type=\"heading.default\">\n\t\t\t\t<div class=\"elementor-widget-container\">\n\t\t\t\t\t<h2 class=\"elementor-heading-title elementor-size-default\"><b>Informe Anual 2024<\/b><\/h2>\t\t\t\t<\/div>\n\t\t\t\t<\/div>\n\t\t\t\t<div class=\"elementor-element elementor-element-bfa5499 elementor-widget__width-inherit carreira-texto-superianos elementor-widget elementor-widget-text-editor\" data-id=\"bfa5499\" data-element_type=\"widget\" data-e-type=\"widget\" data-widget_type=\"text-editor.default\">\n\t\t\t\t<div class=\"elementor-widget-container\">\n\t\t\t\t\t\t\t\t\t<p style=\"text-align: left;\">El <b>anuario es una radiograf\u00eda completa de nuestro a\u00f1o<\/b> \u2014 financiero, social y ambiental \u2014 reuniendo todo lo que enfrentamos, aprendimos y conquistamos entre <b>enero y diciembre de 2024<\/b>. M\u00e1s que n\u00fameros, refleja nuestras decisiones, desaf\u00edos y el impacto que generamos dentro y fuera de la empresa. Todo ello construido sobre las mejores pr\u00e1cticas globales de sostenibilidad y gobernanza. Acceda al anuario completando el formulario al lado.<\/p>\t\t\t\t\t\t\t\t<\/div>\n\t\t\t\t<\/div>\n\t\t\t\t<div class=\"elementor-element elementor-element-7d92843 elementor-widget elementor-widget-button\" data-id=\"7d92843\" data-element_type=\"widget\" data-e-type=\"widget\" data-widget_type=\"button.default\">\n\t\t\t\t<div class=\"elementor-widget-container\">\n\t\t\t\t\t\t\t\t\t<div class=\"elementor-button-wrapper\">\n\t\t\t\t\t<a class=\"elementor-button elementor-button-link elementor-size-sm\" href=\"https:\/\/materiais.superia.global\/anuario-superia-2024\" target=\"_blank\">\n\t\t\t\t\t\t<span class=\"elementor-button-content-wrapper\">\n\t\t\t\t\t\t\t\t\t<span class=\"elementor-button-text\">Acceda al anuario<\/span>\n\t\t\t\t\t<\/span>\n\t\t\t\t\t<\/a>\n\t\t\t\t<\/div>\n\t\t\t\t\t\t\t\t<\/div>\n\t\t\t\t<\/div>\n\t\t\t\t\t<\/div>\n\t\t\t\t<\/div>\n\t\t<div class=\"elementor-element elementor-element-04963fd e-flex e-con-boxed e-con e-child\" data-id=\"04963fd\" data-element_type=\"container\" data-e-type=\"container\">\n\t\t\t\t\t<div class=\"e-con-inner\">\n\t\t<div class=\"elementor-element elementor-element-4542c1a e-con-full e-flex e-con e-child\" data-id=\"4542c1a\" data-element_type=\"container\" data-e-type=\"container\">\n\t\t\t\t<div class=\"elementor-element elementor-element-c8f63f0 elementor-widget elementor-widget-image\" data-id=\"c8f63f0\" data-element_type=\"widget\" data-e-type=\"widget\" data-widget_type=\"image.default\">\n\t\t\t\t<div class=\"elementor-widget-container\">\n\t\t\t\t\t\t\t\t\t\t\t\t\t\t\t<img decoding=\"async\" width=\"1920\" height=\"1080\" src=\"https:\/\/www.superia.global\/wp-content\/uploads\/2025\/05\/3.png\" class=\"attachment-full size-full wp-image-9320\" alt=\"\" srcset=\"https:\/\/www.superia.global\/wp-content\/uploads\/2025\/05\/3.png 1920w, https:\/\/www.superia.global\/wp-content\/uploads\/2025\/05\/3-300x169.png 300w, https:\/\/www.superia.global\/wp-content\/uploads\/2025\/05\/3-1024x576.png 1024w, https:\/\/www.superia.global\/wp-content\/uploads\/2025\/05\/3-768x432.png 768w, https:\/\/www.superia.global\/wp-content\/uploads\/2025\/05\/3-1536x864.png 1536w\" sizes=\"(max-width: 1920px) 100vw, 1920px\" \/>\t\t\t\t\t\t\t\t\t\t\t\t\t\t\t<\/div>\n\t\t\t\t<\/div>\n\t\t\t\t<\/div>\n\t\t\t\t\t<\/div>\n\t\t\t\t<\/div>\n\t\t\t\t\t<\/div>\n\t\t\t\t<\/div>\n\t\t<div class=\"elementor-element elementor-element-d4c7f64 e-flex e-con-boxed e-con e-parent\" data-id=\"d4c7f64\" data-element_type=\"container\" data-e-type=\"container\" data-settings=\"{&quot;background_background&quot;:&quot;classic&quot;}\">\n\t\t\t\t\t<div class=\"e-con-inner\">\n\t\t<div class=\"elementor-element elementor-element-d3f1020 e-flex e-con-boxed e-con e-child\" data-id=\"d3f1020\" data-element_type=\"container\" data-e-type=\"container\">\n\t\t\t\t\t<div class=\"e-con-inner\">\n\t\t\t\t<div class=\"elementor-element elementor-element-813ff54 elementor-widget elementor-widget-image\" data-id=\"813ff54\" data-element_type=\"widget\" data-e-type=\"widget\" data-widget_type=\"image.default\">\n\t\t\t\t<div class=\"elementor-widget-container\">\n\t\t\t\t\t\t\t\t\t\t\t\t\t\t\t<img decoding=\"async\" width=\"1920\" height=\"1080\" src=\"https:\/\/www.superia.global\/wp-content\/uploads\/2025\/05\/1.png\" class=\"attachment-full size-full wp-image-9338\" alt=\"\" srcset=\"https:\/\/www.superia.global\/wp-content\/uploads\/2025\/05\/1.png 1920w, https:\/\/www.superia.global\/wp-content\/uploads\/2025\/05\/1-300x169.png 300w, https:\/\/www.superia.global\/wp-content\/uploads\/2025\/05\/1-1024x576.png 1024w, https:\/\/www.superia.global\/wp-content\/uploads\/2025\/05\/1-768x432.png 768w, https:\/\/www.superia.global\/wp-content\/uploads\/2025\/05\/1-1536x864.png 1536w\" sizes=\"(max-width: 1920px) 100vw, 1920px\" \/>\t\t\t\t\t\t\t\t\t\t\t\t\t\t\t<\/div>\n\t\t\t\t<\/div>\n\t\t\t\t\t<\/div>\n\t\t\t\t<\/div>\n\t\t<div class=\"elementor-element elementor-element-5600225 e-flex e-con-boxed e-con e-child\" data-id=\"5600225\" data-element_type=\"container\" data-e-type=\"container\">\n\t\t\t\t\t<div class=\"e-con-inner\">\n\t\t<div class=\"elementor-element elementor-element-7eb0307 e-con-full e-flex e-con e-child\" data-id=\"7eb0307\" data-element_type=\"container\" data-e-type=\"container\">\n\t\t\t\t<\/div>\n\t\t\t\t<div class=\"elementor-element elementor-element-09773c1 elementor-widget elementor-widget-heading\" data-id=\"09773c1\" data-element_type=\"widget\" data-e-type=\"widget\" data-widget_type=\"heading.default\">\n\t\t\t\t<div class=\"elementor-widget-container\">\n\t\t\t\t\t<h2 class=\"elementor-heading-title elementor-size-default\">C\u00f3digo de <b>\u00c9tica, Conducta y Cumplimiento<\/b><\/h2>\t\t\t\t<\/div>\n\t\t\t\t<\/div>\n\t\t\t\t<div class=\"elementor-element elementor-element-7189875 elementor-widget__width-inherit carreira-texto-superianos elementor-widget elementor-widget-text-editor\" data-id=\"7189875\" data-element_type=\"widget\" data-e-type=\"widget\" data-widget_type=\"text-editor.default\">\n\t\t\t\t<div class=\"elementor-widget-container\">\n\t\t\t\t\t\t\t\t\t<p style=\"text-align: left;\">A trav\u00e9s de nuestro c\u00f3digo, reafirmamos nuestro compromiso con las mejores pr\u00e1cticas, principios y valores \u00e9ticos, as\u00ed como con la moralidad corporativa, siempre en conformidad con las normas internas y con un enfoque en el bienestar de clientes, socios y colaboradores.<\/p>\t\t\t\t\t\t\t\t<\/div>\n\t\t\t\t<\/div>\n\t\t\t\t<div class=\"elementor-element elementor-element-36986cd elementor-widget elementor-widget-button\" data-id=\"36986cd\" data-element_type=\"widget\" data-e-type=\"widget\" data-widget_type=\"button.default\">\n\t\t\t\t<div class=\"elementor-widget-container\">\n\t\t\t\t\t\t\t\t\t<div class=\"elementor-button-wrapper\">\n\t\t\t\t\t<a class=\"elementor-button elementor-button-link elementor-size-sm\" href=\"https:\/\/www.superia.global\/wp-content\/uploads\/2023\/09\/Codigo-de-Etica-Conduta-e-Compliance-Superia-2023.docx.pdf\" target=\"_blank\">\n\t\t\t\t\t\t<span class=\"elementor-button-content-wrapper\">\n\t\t\t\t\t\t\t\t\t<span class=\"elementor-button-text\">Lea el c\u00f3digo completo<\/span>\n\t\t\t\t\t<\/span>\n\t\t\t\t\t<\/a>\n\t\t\t\t<\/div>\n\t\t\t\t\t\t\t\t<\/div>\n\t\t\t\t<\/div>\n\t\t\t\t\t<\/div>\n\t\t\t\t<\/div>\n\t\t\t\t\t<\/div>\n\t\t\t\t<\/div>\n\t\t<div class=\"elementor-element elementor-element-99f26e6 e-flex e-con-boxed e-con e-parent\" data-id=\"99f26e6\" data-element_type=\"container\" data-e-type=\"container\">\n\t\t\t\t\t<div class=\"e-con-inner\">\n\t\t<div class=\"elementor-element elementor-element-c4284fd e-flex e-con-boxed e-con e-child\" data-id=\"c4284fd\" data-element_type=\"container\" data-e-type=\"container\">\n\t\t\t\t\t<div class=\"e-con-inner\">\n\t\t\t\t<div class=\"elementor-element elementor-element-904ec59 elementor-widget elementor-widget-heading\" data-id=\"904ec59\" data-element_type=\"widget\" data-e-type=\"widget\" data-widget_type=\"heading.default\">\n\t\t\t\t<div class=\"elementor-widget-container\">\n\t\t\t\t\t<h2 class=\"elementor-heading-title elementor-size-default\">Pol\u00edtica de <b>Privacidad y Protecci\u00f3n de Datos<\/b><\/h2>\t\t\t\t<\/div>\n\t\t\t\t<\/div>\n\t\t\t\t<div class=\"elementor-element elementor-element-92eae38 elementor-widget__width-inherit carreira-texto-superianos elementor-widget elementor-widget-text-editor\" data-id=\"92eae38\" data-element_type=\"widget\" data-e-type=\"widget\" data-widget_type=\"text-editor.default\">\n\t\t\t\t<div class=\"elementor-widget-container\">\n\t\t\t\t\t\t\t\t\t<p style=\"text-align: left;\">Trabajamos todos los d\u00edas para mantener una relaci\u00f3n de confianza y transparencia con todos los que forman parte de nuestra red de servicios. Este documento muestra c\u00f3mo manejamos la privacidad y la protecci\u00f3n de los datos personales de clientes, colaboradores y socios, explicando las reglas que seguimos para recopilar, guardar, usar, compartir y eliminar esa informaci\u00f3n, siempre de acuerdo con la ley.<\/p>\t\t\t\t\t\t\t\t<\/div>\n\t\t\t\t<\/div>\n\t\t\t\t<div class=\"elementor-element elementor-element-2853250 elementor-widget elementor-widget-button\" data-id=\"2853250\" data-element_type=\"widget\" data-e-type=\"widget\" data-widget_type=\"button.default\">\n\t\t\t\t<div class=\"elementor-widget-container\">\n\t\t\t\t\t\t\t\t\t<div class=\"elementor-button-wrapper\">\n\t\t\t\t\t<a class=\"elementor-button elementor-button-link elementor-size-sm\" href=\"https:\/\/www.superia.global\/wp-content\/uploads\/2023\/09\/Politica-de-Privacidade-e-Protecao-de-Dados-Superia-2023.pdf\" target=\"_blank\">\n\t\t\t\t\t\t<span class=\"elementor-button-content-wrapper\">\n\t\t\t\t\t\t\t\t\t<span class=\"elementor-button-text\">Consulte nuestra pol\u00edtica de protecci\u00f3n<\/span>\n\t\t\t\t\t<\/span>\n\t\t\t\t\t<\/a>\n\t\t\t\t<\/div>\n\t\t\t\t\t\t\t\t<\/div>\n\t\t\t\t<\/div>\n\t\t\t\t\t<\/div>\n\t\t\t\t<\/div>\n\t\t<div class=\"elementor-element elementor-element-08596a1 e-flex e-con-boxed e-con e-child\" data-id=\"08596a1\" data-element_type=\"container\" data-e-type=\"container\">\n\t\t\t\t\t<div class=\"e-con-inner\">\n\t\t\t\t<div class=\"elementor-element elementor-element-6f4057e elementor-widget elementor-widget-image\" data-id=\"6f4057e\" data-element_type=\"widget\" data-e-type=\"widget\" data-widget_type=\"image.default\">\n\t\t\t\t<div class=\"elementor-widget-container\">\n\t\t\t\t\t\t\t\t\t\t\t\t\t\t\t<img loading=\"lazy\" decoding=\"async\" width=\"1920\" height=\"1080\" src=\"https:\/\/www.superia.global\/wp-content\/uploads\/2025\/05\/4-3.png\" class=\"attachment-full size-full wp-image-9347\" alt=\"\" srcset=\"https:\/\/www.superia.global\/wp-content\/uploads\/2025\/05\/4-3.png 1920w, https:\/\/www.superia.global\/wp-content\/uploads\/2025\/05\/4-3-300x169.png 300w, https:\/\/www.superia.global\/wp-content\/uploads\/2025\/05\/4-3-1024x576.png 1024w, https:\/\/www.superia.global\/wp-content\/uploads\/2025\/05\/4-3-768x432.png 768w, https:\/\/www.superia.global\/wp-content\/uploads\/2025\/05\/4-3-1536x864.png 1536w\" sizes=\"(max-width: 1920px) 100vw, 1920px\" \/>\t\t\t\t\t\t\t\t\t\t\t\t\t\t\t<\/div>\n\t\t\t\t<\/div>\n\t\t\t\t\t<\/div>\n\t\t\t\t<\/div>\n\t\t\t\t\t<\/div>\n\t\t\t\t<\/div>\n\t\t\t\t<\/div>\n\t\t","protected":false},"excerpt":{"rendered":"<p>Conhe\u00e7a Governan\u00e7a GOVERNAN\u00c7A Transpar\u00eancia e solidez fazem parte do nosso neg\u00f3cio, para levar confian\u00e7a a voc\u00ea, cliente.\u200b GOBERNANZA Transparencia y solidez forman parte de nuestro negocio, para brindarle confianza a usted, cliente. Informe Anual 2024 El anuario es una radiograf\u00eda completa de nuestro a\u00f1o \u2014 financiero, social y ambiental \u2014 reuniendo todo lo que enfrentamos, [&hellip;]<\/p>\n","protected":false},"author":6,"featured_media":0,"parent":0,"menu_order":0,"comment_status":"closed","ping_status":"closed","template":"","meta":{"footnotes":""},"class_list":["post-10438","page","type-page","status-publish","hentry"],"yoast_head":"<!-- This site is optimized with the Yoast SEO Premium plugin v24.2 (Yoast SEO v27.2) - https:\/\/yoast.com\/product\/yoast-seo-premium-wordpress\/ -->\n<title>Governan\u00e7a - SUPERIA<\/title>\n<meta name=\"description\" content=\"Junte-se \u00e0 Superia Global, reconhecida pelo GPTW como uma das melhores empresas para trabalhar no Brasil. Confira nossas vagas!\" \/>\n<meta name=\"robots\" content=\"index, follow, max-snippet:-1, max-image-preview:large, max-video-preview:-1\" \/>\n<link rel=\"canonical\" href=\"https:\/\/www.superia.global\/es\/governanca\/\" \/>\n<meta property=\"og:locale\" content=\"es_ES\" \/>\n<meta property=\"og:type\" content=\"article\" \/>\n<meta property=\"og:title\" content=\"Governan\u00e7a\" \/>\n<meta property=\"og:description\" content=\"Junte-se \u00e0 Superia Global, reconhecida pelo GPTW como uma das melhores empresas para trabalhar no Brasil. Confira nossas vagas!\" \/>\n<meta property=\"og:url\" content=\"https:\/\/www.superia.global\/es\/governanca\/\" \/>\n<meta property=\"og:site_name\" content=\"SUPERIA\" \/>\n<meta property=\"article:modified_time\" content=\"2025-09-16T02:14:45+00:00\" \/>\n<meta property=\"og:image\" content=\"https:\/\/www.superia.global\/wp-content\/uploads\/2025\/08\/banner_governanca_mobilie_Superia.png\" \/>\n\t<meta property=\"og:image:width\" content=\"1080\" \/>\n\t<meta property=\"og:image:height\" content=\"1920\" \/>\n\t<meta property=\"og:image:type\" content=\"image\/png\" \/>\n<meta name=\"twitter:card\" content=\"summary_large_image\" \/>\n<meta name=\"twitter:label1\" content=\"Tiempo de lectura\" \/>\n\t<meta name=\"twitter:data1\" content=\"2 minutos\" \/>\n<!-- \/ Yoast SEO Premium plugin. -->","yoast_head_json":{"title":"Governan\u00e7a - SUPERIA","description":"Junte-se \u00e0 Superia Global, reconhecida pelo GPTW como uma das melhores empresas para trabalhar no Brasil. Confira nossas vagas!","robots":{"index":"index","follow":"follow","max-snippet":"max-snippet:-1","max-image-preview":"max-image-preview:large","max-video-preview":"max-video-preview:-1"},"canonical":"https:\/\/www.superia.global\/es\/governanca\/","og_locale":"es_ES","og_type":"article","og_title":"Governan\u00e7a","og_description":"Junte-se \u00e0 Superia Global, reconhecida pelo GPTW como uma das melhores empresas para trabalhar no Brasil. Confira nossas vagas!","og_url":"https:\/\/www.superia.global\/es\/governanca\/","og_site_name":"SUPERIA","article_modified_time":"2025-09-16T02:14:45+00:00","og_image":[{"width":1080,"height":1920,"url":"https:\/\/www.superia.global\/wp-content\/uploads\/2025\/08\/banner_governanca_mobilie_Superia.png","type":"image\/png"}],"twitter_card":"summary_large_image","twitter_misc":{"Tiempo de lectura":"2 minutos"},"schema":{"@context":"https:\/\/schema.org","@graph":[{"@type":"WebPage","@id":"https:\/\/www.superia.global\/es\/governanca\/","url":"https:\/\/www.superia.global\/es\/governanca\/","name":"Governan\u00e7a - SUPERIA","isPartOf":{"@id":"https:\/\/www.superia.global\/es\/#website"},"primaryImageOfPage":{"@id":"https:\/\/www.superia.global\/es\/governanca\/#primaryimage"},"image":{"@id":"https:\/\/www.superia.global\/es\/governanca\/#primaryimage"},"thumbnailUrl":"https:\/\/www.superia.global\/wp-content\/uploads\/2025\/08\/banner_governanca_mobilie_Superia.png","datePublished":"2025-06-02T12:17:19+00:00","dateModified":"2025-09-16T02:14:45+00:00","description":"Junte-se \u00e0 Superia Global, reconhecida pelo GPTW como uma das melhores empresas para trabalhar no Brasil. Confira nossas vagas!","inLanguage":"es","potentialAction":[{"@type":"ReadAction","target":["https:\/\/www.superia.global\/es\/governanca\/"]}]},{"@type":"ImageObject","inLanguage":"es","@id":"https:\/\/www.superia.global\/es\/governanca\/#primaryimage","url":"https:\/\/www.superia.global\/wp-content\/uploads\/2025\/08\/banner_governanca_mobilie_Superia.png","contentUrl":"https:\/\/www.superia.global\/wp-content\/uploads\/2025\/08\/banner_governanca_mobilie_Superia.png"},{"@type":"WebSite","@id":"https:\/\/www.superia.global\/es\/#website","url":"https:\/\/www.superia.global\/es\/","name":"SUPERIA","description":"Com mais de 20 anos de experi\u00eancia, oferecemos solu\u00e7\u00f5es completas em processos de importa\u00e7\u00e3o e exporta\u00e7\u00e3o.","publisher":{"@id":"https:\/\/www.superia.global\/es\/#organization"},"potentialAction":[{"@type":"SearchAction","target":{"@type":"EntryPoint","urlTemplate":"https:\/\/www.superia.global\/es\/?s={search_term_string}"},"query-input":{"@type":"PropertyValueSpecification","valueRequired":true,"valueName":"search_term_string"}}],"inLanguage":"es"},{"@type":"Organization","@id":"https:\/\/www.superia.global\/es\/#organization","name":"SUPERIA","url":"https:\/\/www.superia.global\/es\/","logo":{"@type":"ImageObject","inLanguage":"es","@id":"https:\/\/www.superia.global\/es\/#\/schema\/logo\/image\/","url":"https:\/\/www.superia.global\/wp-content\/uploads\/2023\/08\/Logo-branca-1.png","contentUrl":"https:\/\/www.superia.global\/wp-content\/uploads\/2023\/08\/Logo-branca-1.png","width":350,"height":100,"caption":"SUPERIA"},"image":{"@id":"https:\/\/www.superia.global\/es\/#\/schema\/logo\/image\/"}}]}},"_links":{"self":[{"href":"https:\/\/www.superia.global\/es\/wp-json\/wp\/v2\/pages\/10438","targetHints":{"allow":["GET"]}}],"collection":[{"href":"https:\/\/www.superia.global\/es\/wp-json\/wp\/v2\/pages"}],"about":[{"href":"https:\/\/www.superia.global\/es\/wp-json\/wp\/v2\/types\/page"}],"author":[{"embeddable":true,"href":"https:\/\/www.superia.global\/es\/wp-json\/wp\/v2\/users\/6"}],"replies":[{"embeddable":true,"href":"https:\/\/www.superia.global\/es\/wp-json\/wp\/v2\/comments?post=10438"}],"version-history":[{"count":6,"href":"https:\/\/www.superia.global\/es\/wp-json\/wp\/v2\/pages\/10438\/revisions"}],"predecessor-version":[{"id":11040,"href":"https:\/\/www.superia.global\/es\/wp-json\/wp\/v2\/pages\/10438\/revisions\/11040"}],"wp:attachment":[{"href":"https:\/\/www.superia.global\/es\/wp-json\/wp\/v2\/media?parent=10438"}],"curies":[{"name":"wp","href":"https:\/\/api.w.org\/{rel}","templated":true}]}}