{"id":7939,"date":"2023-08-30T23:19:19","date_gmt":"2023-08-31T02:19:19","guid":{"rendered":"https:\/\/www.superia.global\/careers\/"},"modified":"2025-10-28T22:22:15","modified_gmt":"2025-10-29T01:22:15","slug":"careers","status":"publish","type":"page","link":"https:\/\/www.superia.global\/en\/careers\/","title":{"rendered":"Career"},"content":{"rendered":"\t\t<div data-elementor-type=\"wp-page\" data-elementor-id=\"7939\" class=\"elementor elementor-7939 elementor-912\" data-elementor-post-type=\"page\">\n\t\t\t\t<div class=\"elementor-element elementor-element-44ac90d e-flex e-con-boxed e-con e-parent\" data-id=\"44ac90d\" data-element_type=\"container\" data-e-type=\"container\" data-settings=\"{&quot;background_background&quot;:&quot;classic&quot;}\">\n\t\t\t\t\t<div class=\"e-con-inner\">\n\t\t\t\t<div class=\"elementor-element elementor-element-1aed27d elementor-icon-list--layout-inline superia-breadcrumb elementor-list-item-link-full_width elementor-widget elementor-widget-icon-list\" data-id=\"1aed27d\" data-element_type=\"widget\" data-e-type=\"widget\" data-widget_type=\"icon-list.default\">\n\t\t\t\t<div class=\"elementor-widget-container\">\n\t\t\t\t\t\t\t<ul class=\"elementor-icon-list-items elementor-inline-items\">\n\t\t\t\t\t\t\t<li class=\"elementor-icon-list-item elementor-inline-item\">\n\t\t\t\t\t\t\t\t\t\t<span class=\"elementor-icon-list-text\">Get to know<\/span>\n\t\t\t\t\t\t\t\t\t<\/li>\n\t\t\t\t\t\t\t\t<li class=\"elementor-icon-list-item elementor-inline-item\">\n\t\t\t\t\t\t\t\t\t\t<span class=\"elementor-icon-list-text\">Career<\/span>\n\t\t\t\t\t\t\t\t\t<\/li>\n\t\t\t\t\t\t<\/ul>\n\t\t\t\t\t\t<\/div>\n\t\t\t\t<\/div>\n\t\t\t\t\t<\/div>\n\t\t\t\t<\/div>\n\t\t<div class=\"elementor-element elementor-element-498a273 e-con-full carreira-hero-mobile e-flex e-con e-parent\" data-id=\"498a273\" data-element_type=\"container\" data-e-type=\"container\" data-settings=\"{&quot;background_background&quot;:&quot;slideshow&quot;,&quot;background_slideshow_gallery&quot;:[],&quot;background_slideshow_loop&quot;:&quot;yes&quot;,&quot;background_slideshow_slide_duration&quot;:5000,&quot;background_slideshow_slide_transition&quot;:&quot;fade&quot;,&quot;background_slideshow_transition_duration&quot;:500}\">\n\t\t\t\t<div class=\"elementor-element elementor-element-b5e68c7 elementor-widget elementor-widget-image\" data-id=\"b5e68c7\" data-element_type=\"widget\" data-e-type=\"widget\" data-widget_type=\"image.default\">\n\t\t\t\t<div class=\"elementor-widget-container\">\n\t\t\t\t\t\t\t\t\t\t\t\t\t\t\t<img fetchpriority=\"high\" decoding=\"async\" width=\"620\" height=\"1020\" src=\"https:\/\/www.superia.global\/wp-content\/uploads\/2023\/09\/1-1-1.jpg\" class=\"attachment-full size-full wp-image-7555\" alt=\"\" srcset=\"https:\/\/www.superia.global\/wp-content\/uploads\/2023\/09\/1-1-1.jpg 620w, https:\/\/www.superia.global\/wp-content\/uploads\/2023\/09\/1-1-1-182x300.jpg 182w\" sizes=\"(max-width: 620px) 100vw, 620px\" \/>\t\t\t\t\t\t\t\t\t\t\t\t\t\t\t<\/div>\n\t\t\t\t<\/div>\n\t\t<div class=\"elementor-element elementor-element-d754b74 carreira-hero-info-mobile e-flex e-con-boxed e-con e-child\" data-id=\"d754b74\" data-element_type=\"container\" data-e-type=\"container\" data-settings=\"{&quot;position&quot;:&quot;absolute&quot;}\">\n\t\t\t\t\t<div class=\"e-con-inner\">\n\t\t\t\t<div class=\"elementor-element elementor-element-a5d771f elementor-widget elementor-widget-heading\" data-id=\"a5d771f\" data-element_type=\"widget\" data-e-type=\"widget\" data-widget_type=\"heading.default\">\n\t\t\t\t<div class=\"elementor-widget-container\">\n\t\t\t\t\t<h6 class=\"elementor-heading-title elementor-size-default\">CAREER<\/h6>\t\t\t\t<\/div>\n\t\t\t\t<\/div>\n\t\t\t\t<div class=\"elementor-element elementor-element-b7377bc elementor-widget elementor-widget-text-editor\" data-id=\"b7377bc\" data-element_type=\"widget\" data-e-type=\"widget\" data-widget_type=\"text-editor.default\">\n\t\t\t\t<div class=\"elementor-widget-container\">\n\t\t\t\t\t\t\t\t\t<p>We have been working to find <strong>real people<\/strong> who foster genuine and authentic relationships!<\/p>\t\t\t\t\t\t\t\t<\/div>\n\t\t\t\t<\/div>\n\t\t\t\t<div class=\"elementor-element elementor-element-9541ba5 elementor-mobile-align-center elementor-widget elementor-widget-button\" data-id=\"9541ba5\" data-element_type=\"widget\" data-e-type=\"widget\" data-widget_type=\"button.default\">\n\t\t\t\t<div class=\"elementor-widget-container\">\n\t\t\t\t\t\t\t\t\t<div class=\"elementor-button-wrapper\">\n\t\t\t\t\t<a class=\"elementor-button elementor-button-link elementor-size-xl\" href=\"https:\/\/painel.umentor.com.br\/inteligente_novos\/?con_cod=con101013&#038;pla=5\">\n\t\t\t\t\t\t<span class=\"elementor-button-content-wrapper\">\n\t\t\t\t\t\t\t\t\t<span class=\"elementor-button-text\">Open positions<\/span>\n\t\t\t\t\t<\/span>\n\t\t\t\t\t<\/a>\n\t\t\t\t<\/div>\n\t\t\t\t\t\t\t\t<\/div>\n\t\t\t\t<\/div>\n\t\t\t\t\t<\/div>\n\t\t\t\t<\/div>\n\t\t\t\t<\/div>\n\t\t<div class=\"elementor-element elementor-element-bccb1bb carreira-hero e-flex e-con-boxed e-con e-parent\" data-id=\"bccb1bb\" data-element_type=\"container\" data-e-type=\"container\" data-settings=\"{&quot;background_background&quot;:&quot;gradient&quot;}\">\n\t\t\t\t\t<div class=\"e-con-inner\">\n\t\t<div class=\"elementor-element elementor-element-b751d04 e-con-full e-flex e-con e-child\" data-id=\"b751d04\" data-element_type=\"container\" data-e-type=\"container\">\n\t\t\t\t<div class=\"elementor-element elementor-element-effabed elementor-widget elementor-widget-heading\" data-id=\"effabed\" data-element_type=\"widget\" data-e-type=\"widget\" data-widget_type=\"heading.default\">\n\t\t\t\t<div class=\"elementor-widget-container\">\n\t\t\t\t\t<h6 class=\"elementor-heading-title elementor-size-default\">CAREER<\/h6>\t\t\t\t<\/div>\n\t\t\t\t<\/div>\n\t\t\t\t<div class=\"elementor-element elementor-element-eb2e5b5 elementor-widget elementor-widget-heading\" data-id=\"eb2e5b5\" data-element_type=\"widget\" data-e-type=\"widget\" data-widget_type=\"heading.default\">\n\t\t\t\t<div class=\"elementor-widget-container\">\n\t\t\t\t\t<h2 class=\"elementor-heading-title elementor-size-default\">We look for <strong>real people<\/strong> who cultivate authentic, connected, and genuine relationships!<\/h2>\t\t\t\t<\/div>\n\t\t\t\t<\/div>\n\t\t\t\t<div class=\"elementor-element elementor-element-c6388bc elementor-widget elementor-widget-button\" data-id=\"c6388bc\" data-element_type=\"widget\" data-e-type=\"widget\" data-widget_type=\"button.default\">\n\t\t\t\t<div class=\"elementor-widget-container\">\n\t\t\t\t\t\t\t\t\t<div class=\"elementor-button-wrapper\">\n\t\t\t\t\t<a class=\"elementor-button elementor-button-link elementor-size-xs\" href=\"https:\/\/painel.umentor.com.br\/inteligente_novos\/?con_cod=con101013&#038;pla=5\" target=\"_blank\">\n\t\t\t\t\t\t<span class=\"elementor-button-content-wrapper\">\n\t\t\t\t\t\t\t\t\t<span class=\"elementor-button-text\">Open positions<\/span>\n\t\t\t\t\t<\/span>\n\t\t\t\t\t<\/a>\n\t\t\t\t<\/div>\n\t\t\t\t\t\t\t\t<\/div>\n\t\t\t\t<\/div>\n\t\t\t\t<\/div>\n\t\t\t\t<div class=\"elementor-element elementor-element-9016af8 elementor-widget__width-initial elementor-absolute carreira-hero-image-desktop elementor-widget elementor-widget-image\" data-id=\"9016af8\" data-element_type=\"widget\" data-e-type=\"widget\" data-settings=\"{&quot;_position&quot;:&quot;absolute&quot;}\" data-widget_type=\"image.default\">\n\t\t\t\t<div class=\"elementor-widget-container\">\n\t\t\t\t\t\t\t\t\t\t\t\t\t\t\t<img decoding=\"async\" width=\"2000\" height=\"2000\" src=\"https:\/\/www.superia.global\/wp-content\/uploads\/2025\/01\/lulis.webp\" class=\"attachment-full size-full wp-image-8902\" alt=\"Carreira na Superia\" srcset=\"https:\/\/www.superia.global\/wp-content\/uploads\/2025\/01\/lulis.webp 2000w, https:\/\/www.superia.global\/wp-content\/uploads\/2025\/01\/lulis-300x300.webp 300w, https:\/\/www.superia.global\/wp-content\/uploads\/2025\/01\/lulis-1024x1024.webp 1024w, https:\/\/www.superia.global\/wp-content\/uploads\/2025\/01\/lulis-150x150.webp 150w, https:\/\/www.superia.global\/wp-content\/uploads\/2025\/01\/lulis-768x768.webp 768w, https:\/\/www.superia.global\/wp-content\/uploads\/2025\/01\/lulis-1536x1536.webp 1536w\" sizes=\"(max-width: 2000px) 100vw, 2000px\" \/>\t\t\t\t\t\t\t\t\t\t\t\t\t\t\t<\/div>\n\t\t\t\t<\/div>\n\t\t\t\t\t<\/div>\n\t\t\t\t<\/div>\n\t\t<div class=\"elementor-element elementor-element-3c06789 e-flex e-con-boxed e-con e-parent\" data-id=\"3c06789\" data-element_type=\"container\" data-e-type=\"container\">\n\t\t\t\t\t<div class=\"e-con-inner\">\n\t\t<div class=\"elementor-element elementor-element-57708e1 e-flex e-con-boxed e-con e-child\" data-id=\"57708e1\" data-element_type=\"container\" data-e-type=\"container\">\n\t\t\t\t\t<div class=\"e-con-inner\">\n\t\t\t\t<div class=\"elementor-element elementor-element-76c7b1b elementor-widget elementor-widget-heading\" data-id=\"76c7b1b\" data-element_type=\"widget\" data-e-type=\"widget\" data-widget_type=\"heading.default\">\n\t\t\t\t<div class=\"elementor-widget-container\">\n\t\t\t\t\t<h2 class=\"elementor-heading-title elementor-size-default\">Superianos among the <strong>best in Brazil!<\/strong><\/h2>\t\t\t\t<\/div>\n\t\t\t\t<\/div>\n\t\t\t\t<div class=\"elementor-element elementor-element-bfa5499 elementor-widget__width-inherit carreira-texto-superianos elementor-widget elementor-widget-text-editor\" data-id=\"bfa5499\" data-element_type=\"widget\" data-e-type=\"widget\" data-widget_type=\"text-editor.default\">\n\t\t\t\t<div class=\"elementor-widget-container\">\n\t\t\t\t\t\t\t\t\t<p>For six consecutive years, recognized as one of the best companies to work for, according to GPTW. In 2021, it was ranked the third-best company to work for in Esp\u00edrito Santo and the twentieth-best multinational to work for in Brazil. <strong>We have been working to find restless people willing to take responsibility and change their perceptions.<\/strong> People who understand that we should come before I, get along well with the team, and are good to work with. And, of course, fair-minded, upstanding, and honest. Check out our vacancies and be part of the team!<\/p>\t\t\t\t\t\t\t\t<\/div>\n\t\t\t\t<\/div>\n\t\t\t\t\t<\/div>\n\t\t\t\t<\/div>\n\t\t<div class=\"elementor-element elementor-element-04963fd e-flex e-con-boxed e-con e-child\" data-id=\"04963fd\" data-element_type=\"container\" data-e-type=\"container\">\n\t\t\t\t\t<div class=\"e-con-inner\">\n\t\t\t\t<div class=\"elementor-element elementor-element-c8f63f0 elementor-widget elementor-widget-image\" data-id=\"c8f63f0\" data-element_type=\"widget\" data-e-type=\"widget\" data-widget_type=\"image.default\">\n\t\t\t\t<div class=\"elementor-widget-container\">\n\t\t\t\t\t\t\t\t\t\t\t\t\t\t\t<img decoding=\"async\" width=\"1332\" height=\"629\" src=\"https:\/\/www.superia.global\/wp-content\/uploads\/2025\/01\/gpte13.webp\" class=\"attachment-full size-full wp-image-8905\" alt=\"Great Place to Work\" srcset=\"https:\/\/www.superia.global\/wp-content\/uploads\/2025\/01\/gpte13.webp 1332w, https:\/\/www.superia.global\/wp-content\/uploads\/2025\/01\/gpte13-300x142.webp 300w, https:\/\/www.superia.global\/wp-content\/uploads\/2025\/01\/gpte13-1024x484.webp 1024w, https:\/\/www.superia.global\/wp-content\/uploads\/2025\/01\/gpte13-768x363.webp 768w\" sizes=\"(max-width: 1332px) 100vw, 1332px\" \/>\t\t\t\t\t\t\t\t\t\t\t\t\t\t\t<\/div>\n\t\t\t\t<\/div>\n\t\t\t\t\t<\/div>\n\t\t\t\t<\/div>\n\t\t\t\t\t<\/div>\n\t\t\t\t<\/div>\n\t\t<div class=\"elementor-element elementor-element-e4c7798 e-con-full e-flex e-con e-parent\" data-id=\"e4c7798\" data-element_type=\"container\" data-e-type=\"container\">\n\t\t\t\t<div class=\"elementor-element elementor-element-46d2d22 carreira-slide elementor--h-position-center elementor--v-position-middle elementor-pagination-position-inside elementor-widget elementor-widget-slides\" data-id=\"46d2d22\" data-element_type=\"widget\" data-e-type=\"widget\" data-settings=\"{&quot;navigation&quot;:&quot;dots&quot;,&quot;autoplay&quot;:&quot;yes&quot;,&quot;pause_on_hover&quot;:&quot;yes&quot;,&quot;pause_on_interaction&quot;:&quot;yes&quot;,&quot;autoplay_speed&quot;:5000,&quot;infinite&quot;:&quot;yes&quot;,&quot;transition&quot;:&quot;slide&quot;,&quot;transition_speed&quot;:500}\" data-widget_type=\"slides.default\">\n\t\t\t\t<div class=\"elementor-widget-container\">\n\t\t\t\t\t\t\t\t\t<div class=\"elementor-swiper\">\n\t\t\t\t\t<div class=\"elementor-slides-wrapper elementor-main-swiper swiper\" role=\"region\" aria-roledescription=\"carousel\" aria-label=\"Slides\" dir=\"ltr\" data-animation=\"\">\n\t\t\t\t<div class=\"swiper-wrapper elementor-slides\">\n\t\t\t\t\t\t\t\t\t\t<div class=\"elementor-repeater-item-8f758fc swiper-slide\" role=\"group\" aria-roledescription=\"slide\"><div class=\"swiper-slide-bg\" role=\"img\"><\/div><div class=\"swiper-slide-inner\" ><div class=\"swiper-slide-contents\"><\/div><\/div><\/div><div class=\"elementor-repeater-item-452ebb7 swiper-slide\" role=\"group\" aria-roledescription=\"slide\"><div class=\"swiper-slide-bg\" role=\"img\"><\/div><div class=\"swiper-slide-inner\" ><div class=\"swiper-slide-contents\"><\/div><\/div><\/div><div class=\"elementor-repeater-item-6caf543 swiper-slide\" role=\"group\" aria-roledescription=\"slide\"><div class=\"swiper-slide-bg\" role=\"img\"><\/div><div class=\"swiper-slide-inner\" ><div class=\"swiper-slide-contents\"><\/div><\/div><\/div>\t\t\t\t<\/div>\n\t\t\t\t\t\t\t\t\t\t\t\t\t\t\t\t\t\t\t\t<div class=\"swiper-pagination\"><\/div>\n\t\t\t\t\t\t\t\t\t\t\t\t<\/div>\n\t\t\t\t<\/div>\n\t\t\t\t\t\t\t\t<\/div>\n\t\t\t\t<\/div>\n\t\t\t\t<\/div>\n\t\t<div class=\"elementor-element elementor-element-5c3ce8b e-flex e-con-boxed e-con e-parent\" data-id=\"5c3ce8b\" data-element_type=\"container\" data-e-type=\"container\" data-settings=\"{&quot;background_background&quot;:&quot;classic&quot;}\">\n\t\t\t\t\t<div class=\"e-con-inner\">\n\t\t<div class=\"elementor-element elementor-element-6ace49a e-con-full e-flex e-con e-child\" data-id=\"6ace49a\" data-element_type=\"container\" data-e-type=\"container\">\n\t\t\t\t<div class=\"elementor-element elementor-element-7a503b0 elementor-widget elementor-widget-image\" data-id=\"7a503b0\" data-element_type=\"widget\" data-e-type=\"widget\" data-widget_type=\"image.default\">\n\t\t\t\t<div class=\"elementor-widget-container\">\n\t\t\t\t\t\t\t\t\t\t\t\t\t\t\t<img loading=\"lazy\" decoding=\"async\" width=\"800\" height=\"534\" src=\"https:\/\/www.superia.global\/wp-content\/uploads\/2025\/10\/Notebook_Superia-min-1024x683.png\" class=\"attachment-large size-large wp-image-11301\" alt=\"\" srcset=\"https:\/\/www.superia.global\/wp-content\/uploads\/2025\/10\/Notebook_Superia-min-1024x683.png 1024w, https:\/\/www.superia.global\/wp-content\/uploads\/2025\/10\/Notebook_Superia-min-300x200.png 300w, https:\/\/www.superia.global\/wp-content\/uploads\/2025\/10\/Notebook_Superia-min-768x512.png 768w, https:\/\/www.superia.global\/wp-content\/uploads\/2025\/10\/Notebook_Superia-min-1536x1024.png 1536w, https:\/\/www.superia.global\/wp-content\/uploads\/2025\/10\/Notebook_Superia-min-2048x1365.png 2048w\" sizes=\"(max-width: 800px) 100vw, 800px\" \/>\t\t\t\t\t\t\t\t\t\t\t\t\t\t\t<\/div>\n\t\t\t\t<\/div>\n\t\t\t\t<\/div>\n\t\t<div class=\"elementor-element elementor-element-4e7438f e-con-full e-flex e-con e-child\" data-id=\"4e7438f\" data-element_type=\"container\" data-e-type=\"container\">\n\t\t\t\t<div class=\"elementor-element elementor-element-055b08b elementor-widget elementor-widget-heading\" data-id=\"055b08b\" data-element_type=\"widget\" data-e-type=\"widget\" data-widget_type=\"heading.default\">\n\t\t\t\t<div class=\"elementor-widget-container\">\n\t\t\t\t\t<h2 class=\"elementor-heading-title elementor-size-default\">The <strong>connection<\/strong> between <br> \n\nyou and <strong>Superia!<\/strong><\/h2>\t\t\t\t<\/div>\n\t\t\t\t<\/div>\n\t\t\t\t<div class=\"elementor-element elementor-element-6178753 elementor-widget__width-initial carreira-texto-superianos elementor-widget elementor-widget-text-editor\" data-id=\"6178753\" data-element_type=\"widget\" data-e-type=\"widget\" data-widget_type=\"text-editor.default\">\n\t\t\t\t<div class=\"elementor-widget-container\">\n\t\t\t\t\t\t\t\t\t<p><strong>Conex\u00e3o Superia<\/strong> is the space created to support candidates and employees at every stage of their journey with us. There, <g id=\"gid_1\">you&#8217;ll find everything in one place<\/g>: information on selection processes, onboarding, an internal blog with news and updates, as well as performance evaluations, feedback, courses and development actions. A portal designed to <strong>make everyday life easier and bring<\/strong> us all even <strong>closer together<\/strong>.  <\/p>\t\t\t\t\t\t\t\t<\/div>\n\t\t\t\t<\/div>\n\t\t\t\t<div class=\"elementor-element elementor-element-c718962 elementor-align-center elementor-widget elementor-widget-button\" data-id=\"c718962\" data-element_type=\"widget\" data-e-type=\"widget\" data-widget_type=\"button.default\">\n\t\t\t\t<div class=\"elementor-widget-container\">\n\t\t\t\t\t\t\t\t\t<div class=\"elementor-button-wrapper\">\n\t\t\t\t\t<a class=\"elementor-button elementor-button-link elementor-size-xs\" href=\"https:\/\/painel.umentor.com.br\/cadastro_treinamento\/?con_cod=con101013&#038;pla=5\" target=\"_blank\">\n\t\t\t\t\t\t<span class=\"elementor-button-content-wrapper\">\n\t\t\t\t\t\t\t\t\t<span class=\"elementor-button-text\">Click and access<\/span>\n\t\t\t\t\t<\/span>\n\t\t\t\t\t<\/a>\n\t\t\t\t<\/div>\n\t\t\t\t\t\t\t\t<\/div>\n\t\t\t\t<\/div>\n\t\t\t\t<\/div>\n\t\t\t\t\t<\/div>\n\t\t\t\t<\/div>\n\t\t<div class=\"elementor-element elementor-element-d11bbd5 e-flex e-con-boxed e-con e-parent\" data-id=\"d11bbd5\" data-element_type=\"container\" data-e-type=\"container\">\n\t\t\t\t\t<div class=\"e-con-inner\">\n\t\t\t\t<div class=\"elementor-element elementor-element-a652712 elementor-widget elementor-widget-video\" data-id=\"a652712\" data-element_type=\"widget\" data-e-type=\"widget\" data-settings=\"{&quot;youtube_url&quot;:&quot;https:\\\/\\\/www.youtube.com\\\/watch?v=Iz6FVZ1flxk&quot;,&quot;video_type&quot;:&quot;youtube&quot;,&quot;controls&quot;:&quot;yes&quot;}\" data-widget_type=\"video.default\">\n\t\t\t\t<div class=\"elementor-widget-container\">\n\t\t\t\t\t\t\t<div class=\"elementor-wrapper elementor-open-inline\">\n\t\t\t<div class=\"elementor-video\"><\/div>\t\t<\/div>\n\t\t\t\t\t\t<\/div>\n\t\t\t\t<\/div>\n\t\t\t\t<div class=\"elementor-element elementor-element-ee1cf33 elementor-widget elementor-widget-video\" data-id=\"ee1cf33\" data-element_type=\"widget\" data-e-type=\"widget\" data-settings=\"{&quot;youtube_url&quot;:&quot;https:\\\/\\\/www.youtube.com\\\/watch?v=zt4YGqrBdSY&quot;,&quot;video_type&quot;:&quot;youtube&quot;,&quot;controls&quot;:&quot;yes&quot;}\" data-widget_type=\"video.default\">\n\t\t\t\t<div class=\"elementor-widget-container\">\n\t\t\t\t\t\t\t<div class=\"elementor-wrapper elementor-open-inline\">\n\t\t\t<div class=\"elementor-video\"><\/div>\t\t<\/div>\n\t\t\t\t\t\t<\/div>\n\t\t\t\t<\/div>\n\t\t\t\t<div class=\"elementor-element elementor-element-d14f533 elementor-widget elementor-widget-video\" data-id=\"d14f533\" data-element_type=\"widget\" data-e-type=\"widget\" data-settings=\"{&quot;youtube_url&quot;:&quot;https:\\\/\\\/www.youtube.com\\\/watch?v=LFm49LRYtAY&quot;,&quot;video_type&quot;:&quot;youtube&quot;,&quot;controls&quot;:&quot;yes&quot;}\" data-widget_type=\"video.default\">\n\t\t\t\t<div class=\"elementor-widget-container\">\n\t\t\t\t\t\t\t<div class=\"elementor-wrapper elementor-open-inline\">\n\t\t\t<div class=\"elementor-video\"><\/div>\t\t<\/div>\n\t\t\t\t\t\t<\/div>\n\t\t\t\t<\/div>\n\t\t\t\t\t<\/div>\n\t\t\t\t<\/div>\n\t\t<div class=\"elementor-element elementor-element-c98922f e-flex e-con-boxed e-con e-parent\" data-id=\"c98922f\" data-element_type=\"container\" data-e-type=\"container\" data-settings=\"{&quot;background_background&quot;:&quot;classic&quot;}\">\n\t\t\t\t\t<div class=\"e-con-inner\">\n\t\t\t\t<div class=\"elementor-element elementor-element-9bc250c elementor-widget elementor-widget-heading\" data-id=\"9bc250c\" data-element_type=\"widget\" data-e-type=\"widget\" data-widget_type=\"heading.default\">\n\t\t\t\t<div class=\"elementor-widget-container\">\n\t\t\t\t\t<h2 class=\"elementor-heading-title elementor-size-default\">Join our team!<\/h2>\t\t\t\t<\/div>\n\t\t\t\t<\/div>\n\t\t\t\t<div class=\"elementor-element elementor-element-cb7d9dc elementor-align-center elementor-widget elementor-widget-button\" data-id=\"cb7d9dc\" data-element_type=\"widget\" data-e-type=\"widget\" data-widget_type=\"button.default\">\n\t\t\t\t<div class=\"elementor-widget-container\">\n\t\t\t\t\t\t\t\t\t<div class=\"elementor-button-wrapper\">\n\t\t\t\t\t<a class=\"elementor-button elementor-button-link elementor-size-sm\" href=\"https:\/\/painel.umentor.com.br\/inteligente_novos\/?con_cod=con101013&#038;pla=5\">\n\t\t\t\t\t\t<span class=\"elementor-button-content-wrapper\">\n\t\t\t\t\t\t\t\t\t<span class=\"elementor-button-text\">available positions<\/span>\n\t\t\t\t\t<\/span>\n\t\t\t\t\t<\/a>\n\t\t\t\t<\/div>\n\t\t\t\t\t\t\t\t<\/div>\n\t\t\t\t<\/div>\n\t\t\t\t\t<\/div>\n\t\t\t\t<\/div>\n\t\t\t\t<\/div>\n\t\t","protected":false},"excerpt":{"rendered":"<p>Get to know Career CAREER We have been working to find real people who foster genuine and authentic relationships! Open positions CAREER We look for real people who cultivate authentic, connected, and genuine relationships! Open positions Superianos among the best in Brazil! For six consecutive years, recognized as one of the best companies to work [&hellip;]<\/p>\n","protected":false},"author":1,"featured_media":0,"parent":0,"menu_order":0,"comment_status":"closed","ping_status":"closed","template":"","meta":{"footnotes":""},"class_list":["post-7939","page","type-page","status-publish","hentry"],"yoast_head":"<!-- This site is optimized with the Yoast SEO Premium plugin v24.2 (Yoast SEO v27.2) - https:\/\/yoast.com\/product\/yoast-seo-premium-wordpress\/ -->\n<title>Career - SUPERIA<\/title>\n<meta name=\"description\" content=\"Join Superia Global, recognized by GPTW as one of the best companies to work for in Brazil. Check out our job openings!\" \/>\n<meta name=\"robots\" content=\"index, follow, max-snippet:-1, max-image-preview:large, max-video-preview:-1\" \/>\n<link rel=\"canonical\" href=\"https:\/\/www.superia.global\/en\/careers\/\" \/>\n<meta property=\"og:locale\" content=\"en_US\" \/>\n<meta property=\"og:type\" content=\"article\" \/>\n<meta property=\"og:title\" content=\"Career\" \/>\n<meta property=\"og:description\" content=\"Join Superia Global, recognized by GPTW as one of the best companies to work for in Brazil. Check out our job openings!\" \/>\n<meta property=\"og:url\" content=\"https:\/\/www.superia.global\/en\/careers\/\" \/>\n<meta property=\"og:site_name\" content=\"SUPERIA\" \/>\n<meta property=\"article:modified_time\" content=\"2025-10-29T01:22:15+00:00\" \/>\n<meta property=\"og:image\" content=\"https:\/\/www.superia.global\/wp-content\/uploads\/2023\/09\/1-1-1.jpg\" \/>\n\t<meta property=\"og:image:width\" content=\"620\" \/>\n\t<meta property=\"og:image:height\" content=\"1020\" \/>\n\t<meta property=\"og:image:type\" content=\"image\/jpeg\" \/>\n<meta name=\"twitter:card\" content=\"summary_large_image\" \/>\n<meta name=\"twitter:label1\" content=\"Est. reading time\" \/>\n\t<meta name=\"twitter:data1\" content=\"2 minutes\" \/>\n<!-- \/ Yoast SEO Premium plugin. -->","yoast_head_json":{"title":"Career - SUPERIA","description":"Join Superia Global, recognized by GPTW as one of the best companies to work for in Brazil. Check out our job openings!","robots":{"index":"index","follow":"follow","max-snippet":"max-snippet:-1","max-image-preview":"max-image-preview:large","max-video-preview":"max-video-preview:-1"},"canonical":"https:\/\/www.superia.global\/en\/careers\/","og_locale":"en_US","og_type":"article","og_title":"Career","og_description":"Join Superia Global, recognized by GPTW as one of the best companies to work for in Brazil. Check out our job openings!","og_url":"https:\/\/www.superia.global\/en\/careers\/","og_site_name":"SUPERIA","article_modified_time":"2025-10-29T01:22:15+00:00","og_image":[{"width":620,"height":1020,"url":"https:\/\/www.superia.global\/wp-content\/uploads\/2023\/09\/1-1-1.jpg","type":"image\/jpeg"}],"twitter_card":"summary_large_image","twitter_misc":{"Est. reading time":"2 minutes"},"schema":{"@context":"https:\/\/schema.org","@graph":[{"@type":"WebPage","@id":"https:\/\/www.superia.global\/en\/careers\/","url":"https:\/\/www.superia.global\/en\/careers\/","name":"Career - SUPERIA","isPartOf":{"@id":"https:\/\/www.superia.global\/en\/#website"},"primaryImageOfPage":{"@id":"https:\/\/www.superia.global\/en\/careers\/#primaryimage"},"image":{"@id":"https:\/\/www.superia.global\/en\/careers\/#primaryimage"},"thumbnailUrl":"https:\/\/www.superia.global\/wp-content\/uploads\/2023\/09\/1-1-1.jpg","datePublished":"2023-08-31T02:19:19+00:00","dateModified":"2025-10-29T01:22:15+00:00","description":"Join Superia Global, recognized by GPTW as one of the best companies to work for in Brazil. Check out our job openings!","inLanguage":"en-US","potentialAction":[{"@type":"ReadAction","target":["https:\/\/www.superia.global\/en\/careers\/"]}]},{"@type":"ImageObject","inLanguage":"en-US","@id":"https:\/\/www.superia.global\/en\/careers\/#primaryimage","url":"https:\/\/www.superia.global\/wp-content\/uploads\/2023\/09\/1-1-1.jpg","contentUrl":"https:\/\/www.superia.global\/wp-content\/uploads\/2023\/09\/1-1-1.jpg"},{"@type":"WebSite","@id":"https:\/\/www.superia.global\/en\/#website","url":"https:\/\/www.superia.global\/en\/","name":"SUPERIA","description":"Com mais de 20 anos de experi\u00eancia, oferecemos solu\u00e7\u00f5es completas em processos de importa\u00e7\u00e3o e exporta\u00e7\u00e3o.","publisher":{"@id":"https:\/\/www.superia.global\/en\/#organization"},"potentialAction":[{"@type":"SearchAction","target":{"@type":"EntryPoint","urlTemplate":"https:\/\/www.superia.global\/en\/?s={search_term_string}"},"query-input":{"@type":"PropertyValueSpecification","valueRequired":true,"valueName":"search_term_string"}}],"inLanguage":"en-US"},{"@type":"Organization","@id":"https:\/\/www.superia.global\/en\/#organization","name":"SUPERIA","url":"https:\/\/www.superia.global\/en\/","logo":{"@type":"ImageObject","inLanguage":"en-US","@id":"https:\/\/www.superia.global\/en\/#\/schema\/logo\/image\/","url":"https:\/\/www.superia.global\/wp-content\/uploads\/2023\/08\/Logo-branca-1.png","contentUrl":"https:\/\/www.superia.global\/wp-content\/uploads\/2023\/08\/Logo-branca-1.png","width":350,"height":100,"caption":"SUPERIA"},"image":{"@id":"https:\/\/www.superia.global\/en\/#\/schema\/logo\/image\/"}}]}},"_links":{"self":[{"href":"https:\/\/www.superia.global\/en\/wp-json\/wp\/v2\/pages\/7939","targetHints":{"allow":["GET"]}}],"collection":[{"href":"https:\/\/www.superia.global\/en\/wp-json\/wp\/v2\/pages"}],"about":[{"href":"https:\/\/www.superia.global\/en\/wp-json\/wp\/v2\/types\/page"}],"author":[{"embeddable":true,"href":"https:\/\/www.superia.global\/en\/wp-json\/wp\/v2\/users\/1"}],"replies":[{"embeddable":true,"href":"https:\/\/www.superia.global\/en\/wp-json\/wp\/v2\/comments?post=7939"}],"version-history":[{"count":14,"href":"https:\/\/www.superia.global\/en\/wp-json\/wp\/v2\/pages\/7939\/revisions"}],"predecessor-version":[{"id":11306,"href":"https:\/\/www.superia.global\/en\/wp-json\/wp\/v2\/pages\/7939\/revisions\/11306"}],"wp:attachment":[{"href":"https:\/\/www.superia.global\/en\/wp-json\/wp\/v2\/media?parent=7939"}],"curies":[{"name":"wp","href":"https:\/\/api.w.org\/{rel}","templated":true}]}}